{"id":98,"date":"2013-08-11T18:04:55","date_gmt":"2013-08-11T18:04:55","guid":{"rendered":"http:\/\/localhost:8888\/test\/?page_id=501"},"modified":"2025-06-06T00:00:55","modified_gmt":"2025-06-05T17:00:55","slug":"trang-chu","status":"publish","type":"page","link":"https:\/\/sainco.vn\/en\/","title":{"rendered":"Home"},"content":{"rendered":"<section class=\"section\" id=\"section_1490380387\">\n\t\t<div class=\"bg section-bg fill bg-fill  bg-loaded\" >\n\n\t\t\t\n\t\t\t\n\t\t\t\n\n\t\t<\/div>\n\n\t\t\n\n\t\t<div class=\"section-content relative\">\n\t\t\t\n\n\t<div id=\"gap-14906029\" class=\"gap-element clearfix\" style=\"display:block; height:auto;\">\n\t\t\n<style>\n#gap-14906029 {\n  padding-top: 30px;\n}\n<\/style>\n\t<\/div>\n\t\n\n<div class=\"row align-middle align-center\"  id=\"row-1920694046\">\n\n\n\t<div id=\"col-1658495715\" class=\"col hide-for-small medium-12 small-12 large-6\"  >\n\t\t\t\t<div class=\"col-inner text-left\"  >\n\t\t\t\n\t\t\t\n\n<div class=\"row row-full-width\"  id=\"row-1998362593\">\n\n\n\t<div id=\"col-852557630\" class=\"col medium-6 small-12 large-7\"  >\n\t\t\t\t<div class=\"col-inner\"  >\n\t\t\t\n\t\t\t\n\n\n  <div class=\"banner has-hover\" id=\"banner-1940225902\">\n          <div class=\"banner-inner fill\">\n        <div class=\"banner-bg fill\" >\n            <div class=\"bg fill bg-fill\"><\/div>\n                                    \n                    <\/div>\n\t\t\n        <div class=\"banner-layers container\">\n            <div class=\"fill banner-link\"><\/div>            \n\n\n        <\/div>\n      <\/div>\n\n            \n<style>\n#banner-1940225902 {\n  padding-top: 99.99%;\n  background-color: rgba(0, 0, 0, 0);\n}\n#banner-1940225902 .bg.bg-loaded {\n  background-image: url(https:\/\/sainco.vn\/wp-content\/uploads\/2024\/01\/1206_cac-tieu-chuan-iso-pho-bien.png);\n}\n#banner-1940225902 .bg {\n  background-position: 43% 48%;\n}\n#banner-1940225902 .ux-shape-divider--top svg {\n  height: 150px;\n  --divider-top-width: 100%;\n}\n#banner-1940225902 .ux-shape-divider--bottom svg {\n  height: 150px;\n  --divider-width: 100%;\n}\n@media (min-width:550px) {\n  #banner-1940225902 {\n    padding-top: 150%;\n  }\n}\n@media (min-width:850px) {\n  #banner-1940225902 {\n    padding-top: 117%;\n  }\n}\n<\/style>\n  <\/div>\n\n\n\n\t\t<\/div>\n\t\t\t\t\t<\/div>\n\n\t\n\n\t<div id=\"col-303634061\" class=\"col medium-6 small-12 large-5\"  >\n\t\t\t\t<div class=\"col-inner\"  >\n\t\t\t\n\t\t\t\n\n\n  <div class=\"banner has-hover\" id=\"banner-1589606150\">\n          <div class=\"banner-inner fill\">\n        <div class=\"banner-bg fill\" >\n            <div class=\"bg fill bg-fill\"><\/div>\n                                    \n                    <\/div>\n\t\t\n        <div class=\"banner-layers container\">\n            <div class=\"fill banner-link\"><\/div>            \n\n\n        <\/div>\n      <\/div>\n\n            \n<style>\n#banner-1589606150 {\n  padding-top: 60%;\n  background-color: rgba(0, 0, 0, 0);\n}\n#banner-1589606150 .bg.bg-loaded {\n  background-image: url(https:\/\/sainco.vn\/wp-content\/uploads\/2024\/01\/screen.jpg);\n}\n#banner-1589606150 .ux-shape-divider--top svg {\n  height: 150px;\n  --divider-top-width: 100%;\n}\n#banner-1589606150 .ux-shape-divider--bottom svg {\n  height: 150px;\n  --divider-width: 100%;\n}\n@media (min-width:550px) {\n  #banner-1589606150 {\n    padding-top: 76%;\n  }\n}\n@media (min-width:850px) {\n  #banner-1589606150 {\n    padding-top: 87%;\n  }\n}\n<\/style>\n  <\/div>\n\n\n\n\t\t<\/div>\n\t\t\t\t\t<\/div>\n\n\t\n\n<\/div>\n<div class=\"row row-full-width align-right\"  id=\"row-583148265\">\n\n\n\t<div id=\"col-1705370434\" class=\"col medium-7 small-12 large-7\"  >\n\t\t\t\t<div class=\"col-inner\"  >\n\t\t\t\n\t\t\t\n\n\n  <div class=\"banner has-hover\" id=\"banner-237454782\">\n          <div class=\"banner-inner fill\">\n        <div class=\"banner-bg fill\" >\n            <div class=\"bg fill bg-fill\"><\/div>\n                                    \n                    <\/div>\n\t\t\n        <div class=\"banner-layers container\">\n            <div class=\"fill banner-link\"><\/div>            \n\n\n        <\/div>\n      <\/div>\n\n            \n<style>\n#banner-237454782 {\n  padding-top: 60%;\n  background-color: rgba(0, 0, 0, 0);\n}\n#banner-237454782 .bg.bg-loaded {\n  background-image: url(https:\/\/sainco.vn\/wp-content\/uploads\/2024\/01\/s.jpg);\n}\n#banner-237454782 .ux-shape-divider--top svg {\n  height: 150px;\n  --divider-top-width: 100%;\n}\n#banner-237454782 .ux-shape-divider--bottom svg {\n  height: 150px;\n  --divider-width: 100%;\n}\n@media (min-width:550px) {\n  #banner-237454782 {\n    padding-top: 75%;\n  }\n}\n<\/style>\n  <\/div>\n\n\n\n\t\t<\/div>\n\t\t\t\t\n<style>\n#col-1705370434 > .col-inner {\n  margin: 0 0px 0px 0px;\n}\n@media (min-width:550px) {\n  #col-1705370434 > .col-inner {\n    margin: -290px 0px 0px 0px;\n  }\n}\n@media (min-width:850px) {\n  #col-1705370434 > .col-inner {\n    margin: -165px 0px 0px 0px;\n  }\n}\n<\/style>\n\t<\/div>\n\n\t\n\n<\/div>\n\n\t\t<\/div>\n\t\t\t\t\n<style>\n#col-1658495715 > .col-inner {\n  max-width: 90%;\n}\n<\/style>\n\t<\/div>\n\n\t\n\n\t<div id=\"col-1797227108\" class=\"col medium-12 small-12 large-6\"  >\n\t\t\t\t<div class=\"col-inner\"  >\n\t\t\t\n\t\t\t\n\n\t<div id=\"text-843525639\" class=\"text\">\n\t\t\n\n<div style=\"display: flex; align-items: center;\">\n<p style=\"font-size: 1.1125em; font-weight: bold; margin-bottom: .5em;\">V\u1ec1 ch\u00fang t\u00f4i<\/p>\n<\/div>\n\t\t\n<style>\n#text-843525639 {\n  font-size: 2.3rem;\n  line-height: 1;\n  color: rgb(30, 115, 190);\n}\n#text-843525639 > * {\n  color: rgb(30, 115, 190);\n}\n@media (min-width:550px) {\n  #text-843525639 {\n    line-height: 0.75;\n  }\n}\n<\/style>\n\t<\/div>\n\t\n\t<div id=\"text-167730110\" class=\"text\">\n\t\t\n\n<p><strong>SAINCO l\u00e0 t\u1ed5 ch\u1ee9c \u0111\u1ed9c l\u1eadp, ho\u1ea1t \u0111\u1ed9ng n\u1ed5i b\u1eadt t\u1eeb n\u0103m 2001, chuy\u00ean cung c\u1ea5p d\u1ecbch v\u1ee5  Gi\u00e1m \u0110\u1ecbnh, \u0111\u00e1nh gi\u00e1 v\u00e0 ch\u1ee9ng nh\u1eadn h\u1ec7 th\u1ed1ng qu\u1ea3n l\u00fd, S\u1ea3n ph\u1ea9m theo c\u00e1c ti\u00eau chu\u1ea9n qu\u1ed1c t\u1ebf nh\u01b0 ISO 9001, ISO 14001, ISO 22000, HACCP,&#8230; V\u1edbi h\u01a1n 20 n\u0103m kinh nghi\u1ec7m, SAINCO lu\u00f4n \u0111\u1ed3ng h\u00e0nh c\u00f9ng doanh nghi\u1ec7p n\u00e2ng cao ch\u1ea5t l\u01b0\u1ee3ng, t\u1ed1i \u01b0u qu\u1ea3n l\u00fd v\u00e0 kh\u1eb3ng \u0111\u1ecbnh uy t\u00edn tr\u00ean th\u1ecb tr\u01b0\u1eddng.<\/p>\n\t\t\n<style>\n#text-167730110 {\n  font-size: 1.35rem;\n}\n<\/style>\n\t<\/div>\n\t\n\n\t\t<\/div>\n\t\t\t\t\n<style>\n#col-1797227108 > .col-inner {\n  padding: 0px 0 0px 0px;\n  margin: 0px 0px 0px 0px;\n}\n@media (min-width:550px) {\n  #col-1797227108 > .col-inner {\n    padding: 0px 10% 0px 0px;\n  }\n}\n@media (min-width:850px) {\n  #col-1797227108 > .col-inner {\n    padding: 0px 0px 0px 5%;\n  }\n}\n<\/style>\n\t<\/div>\n\n\t\n\n<\/div>\n\n\t\t<\/div>\n\n\t\t\n<style>\n#section_1490380387 {\n  padding-top: 0px;\n  padding-bottom: 0px;\n}\n#section_1490380387 .ux-shape-divider--top svg {\n  height: 150px;\n  --divider-top-width: 100%;\n}\n#section_1490380387 .ux-shape-divider--bottom svg {\n  height: 150px;\n  --divider-width: 100%;\n}\n@media (min-width:550px) {\n  #section_1490380387 {\n    padding-top: 30px;\n    padding-bottom: 30px;\n  }\n}\n<\/style>\n\t<\/section>\n\t\n<div class=\"container section-title-container\" ><h3 class=\"section-title section-title-center\"><b><\/b><span class=\"section-title-main\" style=\"font-size:182%;color:rgb(30, 115, 190);\">Certification Services<\/span><b><\/b><\/h3><\/div>\n\n\n  \n    <div class=\"row large-columns-3 medium-columns- small-columns-1 row-full-width has-shadow row-box-shadow-2 row-box-shadow-1-hover slider row-slider slider-nav-reveal slider-nav-push\"  data-flickity-options='{\"imagesLoaded\": true, \"groupCells\": \"100%\", \"dragThreshold\" : 5, \"cellAlign\": \"left\",\"wrapAround\": true,\"prevNextButtons\": true,\"percentPosition\": true,\"pageDots\": true, \"rightToLeft\": false, \"autoPlay\" : 3000}'>\n\n  <div class=\"col post-item\" >\n\t\t\t<div class=\"col-inner\">\n\t\t\t<a href=\"https:\/\/sainco.vn\/en\/chung-nhan-haccp-tcvn-56032008\/\" class=\"plain\">\n\t\t\t\t<div class=\"box box-bounce box-text-bottom box-blog-post has-hover\">\n          \t\t\t\t\t<div class=\"box-text text-center\" >\n\t\t\t\t\t<div class=\"box-text-inner blog-post-inner\">\n\n\t\t\t\t\t\n\t\t\t\t\t\t\t\t\t\t\t<p class=\"cat-label tag-label is-xxsmall op-7 uppercase\">\n\t\t\t\t\tSystem certification \t\t\t\t\t<\/p>\n\t\t\t\t\t\t\t\t\t\t<h5 class=\"post-title is-large uppercase\">Ch\u1ee9ng nh\u1eadn HACCP\/TCVN 5603:2023<\/h5>\n\t\t\t\t\t\t\t\t\t\t<div class=\"is-divider\"><\/div>\n\t\t\t\t\t\t\t\t\t\t<p class=\"from_the_blog_excerpt\">HACCP\/TCVN 5603:2008 gi\u00fap Sainco th\u1ef1c hi\u1ec7n qu\u1ea3n l\u00fd r\u1ee7i ro hi\u1ec7u qu\u1ea3 trong qu\u00e1 tr\u00ecnh...\t\t\t\t\t<\/p>\n\t\t\t\t\t                    \n\t\t\t\t\t\t\t\t\t\t\t<button href=\"https:\/\/sainco.vn\/en\/chung-nhan-haccp-tcvn-56032008\/\" class=\"button primary is-bevel is-small mb-0\">\n\t\t\t\t\t\t\t\u0110\u0102NG K\u00dd\t\t\t\t\t\t<\/button>\n\t\t\t\t\t\n\t\t\t\t\t\n\t\t\t\t\t<\/div>\n\t\t\t\t\t<\/div>\n\t\t\t\t\t\t\t\t\t<\/div>\n\t\t\t\t<\/a>\n\t\t\t<\/div>\n\t\t<\/div><div class=\"col post-item\" >\n\t\t\t<div class=\"col-inner\">\n\t\t\t<a href=\"https:\/\/sainco.vn\/en\/chung-nhan-iso-90012015-cong-nhan-quoc-te\/\" class=\"plain\">\n\t\t\t\t<div class=\"box box-bounce box-text-bottom box-blog-post has-hover\">\n          \t\t\t\t\t<div class=\"box-text text-center\" >\n\t\t\t\t\t<div class=\"box-text-inner blog-post-inner\">\n\n\t\t\t\t\t\n\t\t\t\t\t\t\t\t\t\t\t<p class=\"cat-label tag-label is-xxsmall op-7 uppercase\">\n\t\t\t\t\tSystem certification \t\t\t\t\t<\/p>\n\t\t\t\t\t\t\t\t\t\t<h5 class=\"post-title is-large uppercase\">SAINCERT ISO 9001:2015<\/h5>\n\t\t\t\t\t\t\t\t\t\t<div class=\"is-divider\"><\/div>\n\t\t\t\t\t\t\t\t\t\t<p class=\"from_the_blog_excerpt\">N\u1ed9i dung ch\u00ednhCh\u1ee9ng nh\u1eadn\u00a0ISO 9001 l\u00e0 g\u00ec?T\u00ednh ch\u1ea5t c\u1ee7a\u00a0h\u1ec7 th\u1ed1ng qu\u1ea3n l\u00fd ch\u1ea5t l\u01b0\u1ee3ng ISO...\t\t\t\t\t<\/p>\n\t\t\t\t\t                    \n\t\t\t\t\t\t\t\t\t\t\t<button href=\"https:\/\/sainco.vn\/en\/chung-nhan-iso-90012015-cong-nhan-quoc-te\/\" class=\"button primary is-bevel is-small mb-0\">\n\t\t\t\t\t\t\t\u0110\u0102NG K\u00dd\t\t\t\t\t\t<\/button>\n\t\t\t\t\t\n\t\t\t\t\t\n\t\t\t\t\t<\/div>\n\t\t\t\t\t<\/div>\n\t\t\t\t\t\t\t\t\t<\/div>\n\t\t\t\t<\/a>\n\t\t\t<\/div>\n\t\t<\/div><div class=\"col post-item\" >\n\t\t\t<div class=\"col-inner\">\n\t\t\t<a href=\"https:\/\/sainco.vn\/en\/chung-nhan-iso-220002018-nhan-bao-gia-moi-nhat-nam-2024\/\" class=\"plain\">\n\t\t\t\t<div class=\"box box-bounce box-text-bottom box-blog-post has-hover\">\n          \t\t\t\t\t<div class=\"box-text text-center\" >\n\t\t\t\t\t<div class=\"box-text-inner blog-post-inner\">\n\n\t\t\t\t\t\n\t\t\t\t\t\t\t\t\t\t\t<p class=\"cat-label tag-label is-xxsmall op-7 uppercase\">\n\t\t\t\t\tSystem certification \t\t\t\t\t<\/p>\n\t\t\t\t\t\t\t\t\t\t<h5 class=\"post-title is-large uppercase\">SAINCERT ISO 22000:2018<\/h5>\n\t\t\t\t\t\t\t\t\t\t<div class=\"is-divider\"><\/div>\n\t\t\t\t\t\t\t\t\t\t<p class=\"from_the_blog_excerpt\">Ch\u1ee9ng nh\u1eadn ISO 22000 (ISO 22000 certification) l\u00e0 ho\u1ea1t \u0111\u1ed9ng \u0111\u00e1nh gi\u00e1 ch\u1ee9ng nh\u1eadn do...\t\t\t\t\t<\/p>\n\t\t\t\t\t                    \n\t\t\t\t\t\t\t\t\t\t\t<button href=\"https:\/\/sainco.vn\/en\/chung-nhan-iso-220002018-nhan-bao-gia-moi-nhat-nam-2024\/\" class=\"button primary is-bevel is-small mb-0\">\n\t\t\t\t\t\t\t\u0110\u0102NG K\u00dd\t\t\t\t\t\t<\/button>\n\t\t\t\t\t\n\t\t\t\t\t\n\t\t\t\t\t<\/div>\n\t\t\t\t\t<\/div>\n\t\t\t\t\t\t\t\t\t<\/div>\n\t\t\t\t<\/a>\n\t\t\t<\/div>\n\t\t<\/div><\/div>\n\n\t<div id=\"gap-1030512058\" class=\"gap-element clearfix\" style=\"display:block; height:auto;\">\n\t\t\n<style>\n#gap-1030512058 {\n  padding-top: 50px;\n}\n<\/style>\n\t<\/div>\n\t\n\n<div class=\"container section-title-container\" ><h3 class=\"section-title section-title-center\"><b><\/b><span class=\"section-title-main\" style=\"font-size:182%;color:rgb(30, 115, 190);\">D\u1ecbch v\u1ee5 Gi\u00e1m \u0111\u1ecbnh<\/span><b><\/b><\/h3><\/div>\n\n\n  \n    <div class=\"row large-columns-1 medium-columns- small-columns-1 row-full-width has-shadow row-box-shadow-1 slider row-slider slider-nav-reveal slider-nav-push\"  data-flickity-options='{\"imagesLoaded\": true, \"groupCells\": \"100%\", \"dragThreshold\" : 5, \"cellAlign\": \"left\",\"wrapAround\": true,\"prevNextButtons\": true,\"percentPosition\": true,\"pageDots\": true, \"rightToLeft\": false, \"autoPlay\" : 2000}'>\n\n  <div class=\"col post-item\" >\n\t\t\t<div class=\"col-inner\">\n\t\t\t<a href=\"https:\/\/sainco.vn\/en\/chung-nhan-haccp-tcvn-56032008\/\" class=\"plain\">\n\t\t\t\t<div class=\"box box-bounce box-text-bottom box-blog-post has-hover\">\n          \t\t\t\t\t<div class=\"box-text text-center\" >\n\t\t\t\t\t<div class=\"box-text-inner blog-post-inner\">\n\n\t\t\t\t\t\n\t\t\t\t\t\t\t\t\t\t\t<p class=\"cat-label tag-label is-xxsmall op-7 uppercase\">\n\t\t\t\t\tSystem certification \t\t\t\t\t<\/p>\n\t\t\t\t\t\t\t\t\t\t<h5 class=\"post-title is-large uppercase\">Ch\u1ee9ng nh\u1eadn HACCP\/TCVN 5603:2023<\/h5>\n\t\t\t\t\t\t\t\t\t\t<div class=\"is-divider\"><\/div>\n\t\t\t\t\t\t\t\t\t\t<p class=\"from_the_blog_excerpt\">HACCP\/TCVN 5603:2008 gi\u00fap Sainco th\u1ef1c hi\u1ec7n qu\u1ea3n l\u00fd r\u1ee7i ro hi\u1ec7u qu\u1ea3 trong qu\u00e1 tr\u00ecnh...\t\t\t\t\t<\/p>\n\t\t\t\t\t                    \n\t\t\t\t\t\t\t\t\t\t\t<button href=\"https:\/\/sainco.vn\/en\/chung-nhan-haccp-tcvn-56032008\/\" class=\"button primary is-bevel is-small mb-0\">\n\t\t\t\t\t\t\t\u0110\u0102NG K\u00dd\t\t\t\t\t\t<\/button>\n\t\t\t\t\t\n\t\t\t\t\t\n\t\t\t\t\t<\/div>\n\t\t\t\t\t<\/div>\n\t\t\t\t\t\t\t\t\t<\/div>\n\t\t\t\t<\/a>\n\t\t\t<\/div>\n\t\t<\/div><\/div>\n\n\n  \n    <div class=\"row large-columns-1 medium-columns- small-columns-1 row-full-width has-shadow row-box-shadow-2 row-box-shadow-1-hover slider row-slider slider-nav-reveal slider-nav-push\"  data-flickity-options='{\"imagesLoaded\": true, \"groupCells\": \"100%\", \"dragThreshold\" : 5, \"cellAlign\": \"left\",\"wrapAround\": true,\"prevNextButtons\": true,\"percentPosition\": true,\"pageDots\": true, \"rightToLeft\": false, \"autoPlay\" : 2000}'>\n\n  <div class=\"col post-item\" >\n\t\t\t<div class=\"col-inner\">\n\t\t\t<a href=\"https:\/\/sainco.vn\/en\/chung-nhan-haccp-tcvn-56032008\/\" class=\"plain\">\n\t\t\t\t<div class=\"box box-bounce box-text-bottom box-blog-post has-hover\">\n          \t\t\t\t\t<div class=\"box-text text-center\" >\n\t\t\t\t\t<div class=\"box-text-inner blog-post-inner\">\n\n\t\t\t\t\t\n\t\t\t\t\t\t\t\t\t\t\t<p class=\"cat-label tag-label is-xxsmall op-7 uppercase\">\n\t\t\t\t\tSystem certification \t\t\t\t\t<\/p>\n\t\t\t\t\t\t\t\t\t\t<h5 class=\"post-title is-large uppercase\">Ch\u1ee9ng nh\u1eadn HACCP\/TCVN 5603:2023<\/h5>\n\t\t\t\t\t\t\t\t\t\t<div class=\"is-divider\"><\/div>\n\t\t\t\t\t\t\t\t\t\t<p class=\"from_the_blog_excerpt\">HACCP\/TCVN 5603:2008 gi\u00fap Sainco th\u1ef1c hi\u1ec7n qu\u1ea3n l\u00fd r\u1ee7i ro hi\u1ec7u qu\u1ea3 trong qu\u00e1 tr\u00ecnh...\t\t\t\t\t<\/p>\n\t\t\t\t\t                    \n\t\t\t\t\t\t\t\t\t\t\t<button href=\"https:\/\/sainco.vn\/en\/chung-nhan-haccp-tcvn-56032008\/\" class=\"button primary is-bevel is-small mb-0\">\n\t\t\t\t\t\t\t\u0110\u0102NG K\u00dd\t\t\t\t\t\t<\/button>\n\t\t\t\t\t\n\t\t\t\t\t\n\t\t\t\t\t<\/div>\n\t\t\t\t\t<\/div>\n\t\t\t\t\t\t\t\t\t<\/div>\n\t\t\t\t<\/a>\n\t\t\t<\/div>\n\t\t<\/div><\/div>\n\n<div class=\"text-center\"><div class=\"is-divider divider clearfix\" style=\"max-width:150px;\"><\/div><\/div>\n\n\t<section class=\"section\" id=\"section_1394667738\">\n\t\t<div class=\"bg section-bg fill bg-fill  bg-loaded\" >\n\n\t\t\t\n\t\t\t\n\t\t\t\n\n\t\t<\/div>\n\n\t\t\n\n\t\t<div class=\"section-content relative\">\n\t\t\t\n\n<div class=\"row row-collapse row-full-width align-middle\"  id=\"row-279480377\">\n\n\n\t<div id=\"col-1250420372\" class=\"col medium-12 large-6\"  >\n\t\t\t\t<div class=\"col-inner text-left\"  >\n\t\t\t\n\t\t\t\n\n\t<div id=\"gap-1466731140\" class=\"gap-element clearfix\" style=\"display:block; height:auto;\">\n\t\t\n<style>\n#gap-1466731140 {\n  padding-top: 30px;\n}\n<\/style>\n\t<\/div>\n\t\n\n\t<div id=\"text-3870928757\" class=\"text\">\n\t\t\n\n<h4>Why should you choose<\/h4>\n<h3 style=\"color: #1e73be; font-weight: 900;\">SAINCO ?<\/h3>\n\t\t\n<style>\n#text-3870928757 {\n  font-size: 1.5rem;\n  line-height: 0.75;\n  color: rgb(30, 115, 190);\n}\n#text-3870928757 > * {\n  color: rgb(30, 115, 190);\n}\n<\/style>\n\t<\/div>\n\t\n<div class=\"is-divider divider clearfix\" style=\"max-width:150px;\"><\/div>\n\n\t<div id=\"text-2044304144\" class=\"text\">\n\t\t\n\n<div class=\"item wow fadeInUp\">\n<div class=\"ct\">\n<h4 class=\"title\">RESPONSIBILITY, DEDICATION &amp; EFFORT<\/h4>\n<p>Sainco cam k\u1ebft l\u1ea5y tr\u00e1ch nhi\u1ec7m, s\u1ef1 t\u00e2n t\u00e2m &amp; n\u1ed7 l\u1ef1c trong ngh\u1ec1 l\u00e0m th\u01b0\u1edbc \u0111o \u0111\u00e1nh gi\u00e1 hi\u1ec7u qu\u1ea3 c\u00f4ng vi\u1ec7c<\/p>\n<\/div>\n<\/div>\n<div class=\"item wow fadeInUp\">\n<div class=\"ct\">\n<h4 class=\"title\">INTERNATIONALLY RECOGNIZED &amp; ACCEPTED<\/h4>\n<p>International recognition &amp; recognition helps authenticate &amp; increase trust with customers, partners &amp; regulatory agencies<\/p>\n<\/div>\n<\/div>\n<div class=\"item wow fadeInUp\">\n<div class=\"ct\">\n<h4 class=\"title\">PROVIDING SIMULTANEOUS &amp; DIVERSE SERVICES<\/h4>\n<p>Sainco cung c\u1ea5p \u0111\u1ed3ng th\u1eddi &amp; \u0111a d\u1ea1ng d\u1ecbch v\u1ee5 nh\u1eb1m \u0111\u01b0a ra m\u1ee9c chi ph\u00ed h\u1ee3p l\u00fd, ti\u1ebft ki\u1ec7m th\u1eddi gian &amp; t\u1ea1o gi\u00e1 tr\u1ecb b\u1ec1n v\u1eefng cho Kh\u00e1ch h\u00e0ng<\/p>\n<\/div>\n<\/div>\n<div class=\"item wow fadeInUp\">\n<div class=\"ct\">\n<h4 class=\"title\">C\u1ea2I TI\u1ebeN LI\u00caN T\u1ee4C<\/h4>\n<p>Sainco lu\u00f4n h\u01b0\u1edbng \u0111\u1ebfn c\u1ea3i ti\u1ebfn ch\u1ea5t l\u01b0\u1ee3ng cho Kh\u00e1ch h\u00e0ng v\u00e0 cho ch\u00ednh Ch\u00fang t\u00f4i<\/p>\n<\/div>\n<\/div>\n\t\t\n<style>\n#text-2044304144 {\n  font-size: 1rem;\n}\n<\/style>\n\t<\/div>\n\t\n\n\t\t<\/div>\n\t\t\t\t\n<style>\n#col-1250420372 > .col-inner {\n  padding: 20px 20px 20px 20px;\n}\n@media (min-width:550px) {\n  #col-1250420372 > .col-inner {\n    padding: 30px 50px 40px 50px;\n  }\n}\n@media (min-width:850px) {\n  #col-1250420372 > .col-inner {\n    padding: 0px 20% 0px 0px;\n  }\n}\n<\/style>\n\t<\/div>\n\n\t\n\n\t<div id=\"col-738546971\" class=\"col medium-12 large-6\"  >\n\t\t\t\t<div class=\"col-inner\"  >\n\t\t\t\n\t\t\t\n\n<div class=\"container section-title-container\" ><h3 class=\"section-title section-title-normal\"><b><\/b><span class=\"section-title-main\" style=\"color:rgb(30, 115, 190);\">Li\u00ean k\u1ebft website<\/span><b><\/b><\/h3><\/div>\n\n\t<div class=\"ux-menu stack stack-col justify-start ux-menu--divider-solid\">\n\t\t\n\n\t<div class=\"ux-menu-link flex menu-item\">\n\t\t<a class=\"ux-menu-link__link flex\" href=\"https:\/\/www.most.gov.vn\/\" target=\"_blank\" rel=\"noopener noreferrer\" >\n\t\t\t\t\t\t<span class=\"ux-menu-link__text\">\n\t\t\t\tB\u1ed8 KHOA H\u1eccC V\u00c0 C\u00d4NG NGH\u1ec6\t\t\t<\/span>\n\t\t<\/a>\n\t<\/div>\n\t\n\n\t<div class=\"ux-menu-link flex menu-item\">\n\t\t<a class=\"ux-menu-link__link flex\" href=\"http:\/\/www.tcvn.gov.vn\/sites\/head\/vi\/trang-chu.aspx\" target=\"_blank\" rel=\"noopener noreferrer\" >\n\t\t\t\t\t\t<span class=\"ux-menu-link__text\">\n\t\t\t\t\u1ee6Y BAN TI\u00caU CHU\u1ea8N \u0110O L\u01af\u1edcNG CH\u1ea4T L\u01af\u1ee2NG QU\u1ed0C GIA\t\t\t<\/span>\n\t\t<\/a>\n\t<\/div>\n\t\n\n\t<div class=\"ux-menu-link flex menu-item\">\n\t\t<a class=\"ux-menu-link__link flex\" href=\"http:\/\/www.vusta.vn\/\" target=\"_blank\" rel=\"noopener noreferrer\" >\n\t\t\t\t\t\t<span class=\"ux-menu-link__text\">\n\t\t\t\tLI\u00caN HI\u1ec6P C\u00c1C H\u1ed8I KHOA H\u1eccC V\u00c0 K\u1ef8 THU\u1eacT VI\u1ec6T NAM\t\t\t<\/span>\n\t\t<\/a>\n\t<\/div>\n\t\n\n\t<div class=\"ux-menu-link flex menu-item\">\n\t\t<a class=\"ux-menu-link__link flex\" href=\"https:\/\/sainco.vn\/en\/http:\/\/www.xaydung.gov.vn\/\" target=\"_blank\" rel=\"noopener noreferrer\" >\n\t\t\t\t\t\t<span class=\"ux-menu-link__text\">\n\t\t\t\tB\u1ed8 X\u00c2Y D\u1ef0NG\t\t\t<\/span>\n\t\t<\/a>\n\t<\/div>\n\t\n\n\t<div class=\"ux-menu-link flex menu-item\">\n\t\t<a class=\"ux-menu-link__link flex\" href=\"http:\/\/www.mard.gov.vn\/Pages\/home.aspx\" target=\"_blank\" rel=\"noopener noreferrer\" >\n\t\t\t\t\t\t<span class=\"ux-menu-link__text\">\n\t\t\t\tB\u1ed8 N\u00d4NG NGHI\u1ec6P V\u00c0 PH\u00c1T TRI\u1ec2N N\u00d4NG TH\u00d4N\t\t\t<\/span>\n\t\t<\/a>\n\t<\/div>\n\t\n\n\t<div class=\"ux-menu-link flex menu-item\">\n\t\t<a class=\"ux-menu-link__link flex\" href=\"http:\/\/moh.gov.vn\/Pages\/Index.aspx\" target=\"_blank\" rel=\"noopener noreferrer\" >\n\t\t\t\t\t\t<span class=\"ux-menu-link__text\">\n\t\t\t\tB\u1ed8 Y T\u1ebe\t\t\t<\/span>\n\t\t<\/a>\n\t<\/div>\n\t\n\n\n\t<\/div>\n\t\n\n\t\t<\/div>\n\t\t\t\t\t<\/div>\n\n\t\n\n<\/div>\n<div class=\"text-center\"><div class=\"is-divider divider clearfix\" style=\"margin-top:1.5rem;margin-bottom:1.5rem;max-width:0px;\"><\/div><\/div>\n\n\n\t\t<\/div>\n\n\t\t\n<style>\n#section_1394667738 {\n  padding-top: 0px;\n  padding-bottom: 0px;\n  margin-bottom: 0px;\n}\n#section_1394667738 .ux-shape-divider--top svg {\n  height: 150px;\n  --divider-top-width: 100%;\n}\n#section_1394667738 .ux-shape-divider--bottom svg {\n  height: 150px;\n  --divider-width: 100%;\n}\n<\/style>\n\t<\/section>\n\t\n<div class=\"container section-title-container\" ><h3 class=\"section-title section-title-center\"><b><\/b><span class=\"section-title-main\" style=\"color:rgb(30, 115, 190);\">tin t\u1ee9c Sainco<\/span><b><\/b><\/h3><\/div>\n\n<div class=\"container section-title-container\" ><h3 class=\"section-title section-title-center\"><b><\/b><span class=\"section-title-main\" style=\"color:rgb(30, 115, 190);\">ho\u1ea1t \u0111\u1ed9ng t\u1eeb Sainco<\/span><b><\/b><\/h3><\/div>\n\n\n  \n    <div class=\"row large-columns-4 medium-columns-3 small-columns-1 row-small has-shadow row-box-shadow-1\">\n  <\/div>","protected":false},"excerpt":{"rendered":"<p>SAINCO v\u1eeba l\u00e0 \u0111\u1ed1i t\u00e1c tin c\u1eady trong vi\u1ec7c ch\u1ee9ng nh\u1eadn ch\u1ea5t l\u01b0\u1ee3ng s\u1ea3n ph\u1ea9m v\u00e0 l\u00e0 ng\u01b0\u1eddi b\u1ea1n \u0111\u1ed3ng h\u00e0nh kh\u00f4ng th\u1ec3 thi\u1ebfu trong m\u1ecdi d\u1ef1 \u00e1n.<\/p>","protected":false},"author":1,"featured_media":948,"parent":0,"menu_order":11,"comment_status":"closed","ping_status":"closed","template":"","meta":{"footnotes":""},"class_list":["post-98","page","type-page","status-publish","has-post-thumbnail","hentry"],"aioseo_notices":[],"featured_image_urls":{"full":["https:\/\/sainco.vn\/wp-content\/uploads\/2025\/03\/z6440920971091_2dc1ba2d7fc3479db99e8be6f7b0a74f.jpg",709,378,false],"thumbnail":["https:\/\/sainco.vn\/wp-content\/uploads\/2025\/03\/z6440920971091_2dc1ba2d7fc3479db99e8be6f7b0a74f-280x280.jpg",280,280,true],"medium":["https:\/\/sainco.vn\/wp-content\/uploads\/2025\/03\/z6440920971091_2dc1ba2d7fc3479db99e8be6f7b0a74f.jpg",709,378,false],"medium_large":["https:\/\/sainco.vn\/wp-content\/uploads\/2025\/03\/z6440920971091_2dc1ba2d7fc3479db99e8be6f7b0a74f.jpg",709,378,false],"large":["https:\/\/sainco.vn\/wp-content\/uploads\/2025\/03\/z6440920971091_2dc1ba2d7fc3479db99e8be6f7b0a74f.jpg",709,378,false],"1536x1536":["https:\/\/sainco.vn\/wp-content\/uploads\/2025\/03\/z6440920971091_2dc1ba2d7fc3479db99e8be6f7b0a74f.jpg",709,378,false],"2048x2048":["https:\/\/sainco.vn\/wp-content\/uploads\/2025\/03\/z6440920971091_2dc1ba2d7fc3479db99e8be6f7b0a74f.jpg",709,378,false],"trp-custom-language-flag":["https:\/\/sainco.vn\/wp-content\/uploads\/2025\/03\/z6440920971091_2dc1ba2d7fc3479db99e8be6f7b0a74f-18x10.jpg",18,10,true]},"post_excerpt_stackable":"<p>SAINCO v\u1eeba l\u00e0 \u0111\u1ed1i t\u00e1c tin c\u1eady trong vi\u1ec7c ch\u1ee9ng nh\u1eadn ch\u1ea5t l\u01b0\u1ee3ng s\u1ea3n ph\u1ea9m v\u00e0 l\u00e0 ng\u01b0\u1eddi b\u1ea1n \u0111\u1ed3ng h\u00e0nh kh\u00f4ng th\u1ec3 thi\u1ebfu trong m\u1ecdi d\u1ef1 \u00e1n.<\/p>\n","category_list":"","author_info":{"name":"","url":"https:\/\/sainco.vn\/en\/author\/"},"comments_num":"0 comments","_links":{"self":[{"href":"https:\/\/sainco.vn\/en\/wp-json\/wp\/v2\/pages\/98"}],"collection":[{"href":"https:\/\/sainco.vn\/en\/wp-json\/wp\/v2\/pages"}],"about":[{"href":"https:\/\/sainco.vn\/en\/wp-json\/wp\/v2\/types\/page"}],"author":[{"embeddable":true,"href":"https:\/\/sainco.vn\/en\/wp-json\/wp\/v2\/users\/1"}],"replies":[{"embeddable":true,"href":"https:\/\/sainco.vn\/en\/wp-json\/wp\/v2\/comments?post=98"}],"version-history":[{"count":107,"href":"https:\/\/sainco.vn\/en\/wp-json\/wp\/v2\/pages\/98\/revisions"}],"predecessor-version":[{"id":1053,"href":"https:\/\/sainco.vn\/en\/wp-json\/wp\/v2\/pages\/98\/revisions\/1053"}],"wp:featuredmedia":[{"embeddable":true,"href":"https:\/\/sainco.vn\/en\/wp-json\/wp\/v2\/media\/948"}],"wp:attachment":[{"href":"https:\/\/sainco.vn\/en\/wp-json\/wp\/v2\/media?parent=98"}],"curies":[{"name":"wp","href":"https:\/\/api.w.org\/{rel}","templated":true}]}}